{"id":2,"date":"2015-08-27T17:55:00","date_gmt":"2015-08-27T15:55:00","guid":{"rendered":"http:\/\/www.fondazionecatalano.it\/2015\/?page_id=2"},"modified":"2022-05-11T13:37:20","modified_gmt":"2022-05-11T11:37:20","slug":"fondazione","status":"publish","type":"page","link":"https:\/\/www.fondazionecatalano.it\/2015\/fondazione\/","title":{"rendered":"La Fondazione Anna Maria Catalano"},"content":{"rendered":"<h1>La Fondazione Anna Maria Catalano<\/h1>\n<p><a href=\"https:\/\/www.fondazionecatalano.it\/2015\/wp-content\/uploads\/2011\/06\/anna_maria.jpg\"><img decoding=\"async\" class=\"alignnone\" src=\"https:\/\/www.fondazionecatalano.it\/2015\/wp-content\/uploads\/2011\/06\/anna_maria.jpg\" alt=\"anna_maria\" width=\"141\" height=\"200\"><\/a><\/p>\n<p>La Fondazione trae motivazione dallo stile di vita e dal generoso impegno di Anna Maria Catalano. Persona ricca di virt\u00f9 laiche della quale se ne offre qualche tratto. Anna Maria Catalano, cos\u00ec La ricordano gli amici: \u201cuna signora di bell\u2019aspetto,, intelligente e colta senza ostentazione\u201d. Era sovente appellata, con ironico affetto, la signora \u201canglo \u2013 romana\u201d per significare una perfetta fusione di maniere gentili, forse di altri tempi, e di sagaci battute quirite che davano sbalzo al Suo eloquio, mai banale e per nulla ridondante. Quale \u00e8 l\u2019origine di questa fusione \u201citalo \u2013 sassone\u201d? Presto detto; Anna Maria, nata a Roma nel 1945, terminati gli studi liceali si trasfer\u00ec per alcuni anni in Inghilterra nel corso dei quali impar\u00f2 l\u2019idioma alla perfezione \u2013 sin quasi ad essere la Sua seconda lingua \u2013 e nel contempo si consolid\u00f2 in Lei l\u2019interesse ed il rispetto per l\u2019ambiente; interesse e rispetto manifestati fin dall\u2019infanzia grazie anche al padre che la educ\u00f2 ad amare entrambi. L\u2019esperienza inglese Le rafforz\u00f2 il convincimento che la natura \u00e8 fonte di vita ma che questa fonte pu\u00f2 inaridirsi se trattata senza rispetto; un rispetto inteso come un obbligo morale verso gli altri e verso le future generazioni, delle quali Ella parlava spesso con trasporto pur non avendo avuto prole. Ancorch\u00e9 assorbita dal lavoro presso la RAI \u2013 che l\u2019assunse subito, al ritorno dall\u2019estero, assegnandoLe via via incarichi di crescente responsabilit\u00e0 nel volgere di 30 anni di attivit\u00e0 lavorativa \u2013 e dal Suo ruolo di sposa, Anna Maria non trascurava le problematiche ambientali ed i connessi momenti di umana solidariet\u00e0 che imponevano la Sua figura all\u2019attenzione ammirata delle persone con cui veniva in contatto. Approssimandosi il tempo della pensione volle riavvicinarsi ai luoghi cari dell\u2019infanzia e decise nel 1994 di prendere dimora, con il marito, in Fregene dando crescente spazio alla Sua passione per la natura e per gli animali senza dimenticare le persone alle quali non faceva mancare affetto e concreta solidariet\u00e0 in forme sempre delicate. Ma la nostra Anna Maria merita di essere vista pi\u00f9 da vicino, facendo diventare il lettore Suo amico: \u201cl\u2019amicizia nasce, infatti, dalla conoscenza profonda\u201d usava ripetere e noi seguiremo il Suo consiglio.<\/p>\n","protected":false},"excerpt":{"rendered":"<p>La Fondazione Anna Maria Catalano La Fondazione trae motivazione dallo stile di vita e dal generoso impegno di Anna Maria Catalano. Persona ricca di virt\u00f9 laiche della quale se ne offre qualche tratto. Anna Maria Catalano, cos\u00ec La ricordano gli amici: \u201cuna signora di bell\u2019aspetto,, intelligente e colta senza ostentazione\u201d. Era sovente appellata, con ironico &#8230; <a title=\"La Fondazione Anna Maria Catalano\" class=\"read-more\" href=\"https:\/\/www.fondazionecatalano.it\/2015\/fondazione\/\" aria-label=\"Per saperne di pi\u00f9 su La Fondazione Anna Maria Catalano\">Leggi tutto<\/a><\/p>\n","protected":false},"author":3,"featured_media":0,"parent":0,"menu_order":0,"comment_status":"open","ping_status":"closed","template":"","meta":{"cybocfi_hide_featured_image":"","footnotes":""},"class_list":["post-2","page","type-page","status-publish"],"_links":{"self":[{"href":"https:\/\/www.fondazionecatalano.it\/2015\/wp-json\/wp\/v2\/pages\/2","targetHints":{"allow":["GET"]}}],"collection":[{"href":"https:\/\/www.fondazionecatalano.it\/2015\/wp-json\/wp\/v2\/pages"}],"about":[{"href":"https:\/\/www.fondazionecatalano.it\/2015\/wp-json\/wp\/v2\/types\/page"}],"author":[{"embeddable":true,"href":"https:\/\/www.fondazionecatalano.it\/2015\/wp-json\/wp\/v2\/users\/3"}],"replies":[{"embeddable":true,"href":"https:\/\/www.fondazionecatalano.it\/2015\/wp-json\/wp\/v2\/comments?post=2"}],"version-history":[{"count":12,"href":"https:\/\/www.fondazionecatalano.it\/2015\/wp-json\/wp\/v2\/pages\/2\/revisions"}],"predecessor-version":[{"id":1154,"href":"https:\/\/www.fondazionecatalano.it\/2015\/wp-json\/wp\/v2\/pages\/2\/revisions\/1154"}],"wp:attachment":[{"href":"https:\/\/www.fondazionecatalano.it\/2015\/wp-json\/wp\/v2\/media?parent=2"}],"curies":[{"name":"wp","href":"https:\/\/api.w.org\/{rel}","templated":true}]}}